{"id":5182,"date":"2023-01-31T16:42:42","date_gmt":"2023-01-31T21:42:42","guid":{"rendered":"https:\/\/synca-13730204208.futehost.ca\/?post_type=product&#038;p=5182"},"modified":"2023-10-16T16:33:04","modified_gmt":"2023-10-16T20:33:04","slug":"fiber-force-cst-trousse-de-depart-1-bouteille-dena-bond","status":"publish","type":"product","link":"https:\/\/devca.synca.com\/fr-ca\/produit\/fiber-force-cst-trousse-de-depart-1-bouteille-dena-bond\/","title":{"rendered":"FiBER FORCE CST trousse de d\u00e9part + 1 bouteille d&rsquo;ENA Bond"},"content":{"rendered":"<p><strong>Inclus:<\/strong><\/p>\n<ul>\n<li>2 &#8211; 17.75\u201d (450mm) FiBER FORCE\u00ae CST\u00ae fibres hybrides compressibles roses (1:6)<\/li>\n<li>2 &#8211; 11.75\u201d (300mm) FiBER FORCE\u00ae CST\u00ae fibres hybrides compressibles roses (1:4)<\/li>\n<li>1 &#8211; seringue de 3ml de r\u00e9sine rose FiBER FORCE\u00ae CST\u00ae Flow avec embouts<\/li>\n<li>4 &#8211; pilliers de support temporaire FiBER FORCE\u00ae CST\u00ae<\/li>\n<li>Accessoires \/ Mode d&#8217;emploi<br \/>\n+<\/li>\n<li>1 &#8211; bouteille de 5ml d\u2019adh\u00e9sif ENA BOND de Micerium\u00ae<\/li>\n<\/ul>\n<p><strong><em>Utilisation:<\/em><\/strong><br \/>\nLe meilleur moyen de d\u00e9couvrir CST\u00ae. Contient suffisamment de mat\u00e9riau pour compl\u00e9ter deux armatures ainsi que tous les accessoires n\u00e9cessaires pour le traitement de cas multiples.<\/p>\n","protected":false},"excerpt":{"rendered":"<p>FiBER FORCE CST trousse de d\u00e9part + 1 bouteille d&rsquo;ENA Bond<\/p>\n","protected":false},"featured_media":6659,"comment_status":"open","ping_status":"closed","template":"","meta":{"_acf_changed":false},"product_brand":[],"product_cat":[170],"product_tag":[],"marques-de-produit":[],"class_list":{"0":"post-5182","1":"product","2":"type-product","3":"status-publish","4":"has-post-thumbnail","6":"product_cat-cst","8":"first","9":"instock","10":"shipping-taxable","11":"purchasable","12":"product-type-simple"},"acf":[],"_links":{"self":[{"href":"https:\/\/devca.synca.com\/fr-ca\/wp-json\/wp\/v2\/product\/5182","targetHints":{"allow":["GET"]}}],"collection":[{"href":"https:\/\/devca.synca.com\/fr-ca\/wp-json\/wp\/v2\/product"}],"about":[{"href":"https:\/\/devca.synca.com\/fr-ca\/wp-json\/wp\/v2\/types\/product"}],"replies":[{"embeddable":true,"href":"https:\/\/devca.synca.com\/fr-ca\/wp-json\/wp\/v2\/comments?post=5182"}],"version-history":[{"count":1,"href":"https:\/\/devca.synca.com\/fr-ca\/wp-json\/wp\/v2\/product\/5182\/revisions"}],"predecessor-version":[{"id":14562,"href":"https:\/\/devca.synca.com\/fr-ca\/wp-json\/wp\/v2\/product\/5182\/revisions\/14562"}],"wp:featuredmedia":[{"embeddable":true,"href":"https:\/\/devca.synca.com\/fr-ca\/wp-json\/wp\/v2\/media\/6659"}],"wp:attachment":[{"href":"https:\/\/devca.synca.com\/fr-ca\/wp-json\/wp\/v2\/media?parent=5182"}],"wp:term":[{"taxonomy":"product_brand","embeddable":true,"href":"https:\/\/devca.synca.com\/fr-ca\/wp-json\/wp\/v2\/product_brand?post=5182"},{"taxonomy":"product_cat","embeddable":true,"href":"https:\/\/devca.synca.com\/fr-ca\/wp-json\/wp\/v2\/product_cat?post=5182"},{"taxonomy":"product_tag","embeddable":true,"href":"https:\/\/devca.synca.com\/fr-ca\/wp-json\/wp\/v2\/product_tag?post=5182"},{"taxonomy":"marques-de-produit","embeddable":true,"href":"https:\/\/devca.synca.com\/fr-ca\/wp-json\/wp\/v2\/marques-de-produit?post=5182"}],"curies":[{"name":"wp","href":"https:\/\/api.w.org\/{rel}","templated":true}]}}